{"id":601,"date":"2017-01-04T11:06:28","date_gmt":"2017-01-04T11:06:28","guid":{"rendered":"http:\/\/cukiereczki.org\/?page_id=601"},"modified":"2024-08-19T19:28:27","modified_gmt":"2024-08-19T19:28:27","slug":"witamy","status":"publish","type":"page","link":"https:\/\/cukiereczki.org\/","title":{"rendered":"Witamy"},"content":{"rendered":"<h1><a href=\"https:\/\/zrzutka.pl\/innowacyjna-terapia-moze-zatrzymac-cukrzyce-bartka\"><span style=\"color: #993300;\"><strong>Pom\u00f3\u017cmy BARTKOWI !!!!!!<\/strong><\/span><\/a><\/h1>\n<p>Osoby zainteresowane uczestnictwem w projektach organizowanych przez Stowarzyszenie prosimy o osobiste zapisy na zebraniach, w wyj\u0105tkowych przypadkach\u00a0&#8211; o zg\u0142oszenie telefoniczne pod numerem <strong>609 309 229<\/strong>.<\/p>\n<p>Prosimy o aktualizacj\u0119 danych cz\u0142onk\u00f3w Stowarzyszenia<br \/>\n(adresy e-mail i telefony kontaktowe) na adres e-mail<br \/>\n<a href=\"mailto:cukiereczki@cukiereczki.org?body=cukiereczki%40cukiereczki.org\">cukiereczki@cukiereczki.org<\/a><\/p>\n<h2><strong><span style=\"color: #800000;\">Konta do wp\u0142at na cele: <\/span><span style=\"color: #ff0000;\">(UWAGA!!: Nowy rachunek bankowy)<\/span><\/strong><\/h2>\n<h3>Sk\u0142adki cz\u0142onkowskie wpisuj\u0105c imi\u0119 i nazwisko miesi\u0105c\/kwarta\u0142\/rok, na cele statutowe, darowizny<\/h3>\n<h2><span style=\"color: #003366;\"><span style=\"color: #0000ff;\">\u00a0 \u00a0 \u00a0 \u00a0 \u00a0 \u00a0 \u00a0 \u00a0 \u00a0 \u00a0 \u00a0 \u00a0 \u00a0 \u00a0 \u00a0 \u00a0 \u00a0 \u00a0 \u00a0B<strong>NP PARIBAS\u00a0 2<\/strong><\/span><\/span><span style=\"color: #0000ff;\"><strong>0 1600 1462 1713 1144 4000 0001\u00a0<\/strong><\/span><\/h2>\n<h3><\/h3>\n<hr \/>\n<h3><\/h3>\n<h3>Pom\u00f3\u017c Bartkowi\u00a0 \u00a0 \u00a0 \u00a0 \u00a0\u00a0<span style=\"color: #0000ff;\"><strong>BNP PARIBAS\u00a0<\/strong>\u00a0<strong>90 1600 1462 1713 1144 4000 0002\u00a0 \u00a0 \u00a0 \u00a0 \u00a0 \u00a0\u00a0<\/strong><\/span><\/h3>\n<h3><span style=\"color: #003366;\">\u00a0 <\/span><span style=\"color: #0000ff;\"><strong>\u00a0 \u00a0\u00a0<\/strong><\/span><\/h3>\n<p><span style=\"color: #0000ff;\"><strong>\u015awi\u0119tokrzyskie Stowarzyszenie Pomocy<br \/>\nDzieciom, M\u0142odzie\u017cy, Doros\u0142ym z Cukrzyc\u0105 i z innymi Schorzeniami<br \/>\nul. Warszawska 99\/42, 25-543 Kielce<\/strong><\/span><\/p>\n","protected":false},"excerpt":{"rendered":"<p>Pom\u00f3\u017cmy BARTKOWI !!!!!! Osoby zainteresowane uczestnictwem w projektach organizowanych przez Stowarzyszenie prosimy o osobiste zapisy na zebraniach, w wyj\u0105tkowych przypadkach\u00a0&#8211; o zg\u0142oszenie telefoniczne pod numerem 609 309 229. Prosimy o aktualizacj\u0119 danych cz\u0142onk\u00f3w Stowarzyszenia (adresy e-mail i telefony kontaktowe) na adres e-mail cukiereczki@cukiereczki.org Konta do wp\u0142at na cele: (UWAGA!!: Nowy rachunek bankowy) Sk\u0142adki cz\u0142onkowskie wpisuj\u0105c [&hellip;]<\/p>\n","protected":false},"author":1,"featured_media":0,"parent":0,"menu_order":0,"comment_status":"closed","ping_status":"closed","template":"","meta":{"footnotes":""},"class_list":["post-601","page","type-page","status-publish","hentry"],"_links":{"self":[{"href":"https:\/\/cukiereczki.org\/index.php?rest_route=\/wp\/v2\/pages\/601","targetHints":{"allow":["GET"]}}],"collection":[{"href":"https:\/\/cukiereczki.org\/index.php?rest_route=\/wp\/v2\/pages"}],"about":[{"href":"https:\/\/cukiereczki.org\/index.php?rest_route=\/wp\/v2\/types\/page"}],"author":[{"embeddable":true,"href":"https:\/\/cukiereczki.org\/index.php?rest_route=\/wp\/v2\/users\/1"}],"replies":[{"embeddable":true,"href":"https:\/\/cukiereczki.org\/index.php?rest_route=%2Fwp%2Fv2%2Fcomments&post=601"}],"version-history":[{"count":20,"href":"https:\/\/cukiereczki.org\/index.php?rest_route=\/wp\/v2\/pages\/601\/revisions"}],"predecessor-version":[{"id":1177,"href":"https:\/\/cukiereczki.org\/index.php?rest_route=\/wp\/v2\/pages\/601\/revisions\/1177"}],"wp:attachment":[{"href":"https:\/\/cukiereczki.org\/index.php?rest_route=%2Fwp%2Fv2%2Fmedia&parent=601"}],"curies":[{"name":"wp","href":"https:\/\/api.w.org\/{rel}","templated":true}]}}