{"id":27,"date":"2016-02-05T09:00:03","date_gmt":"2016-02-05T09:00:03","guid":{"rendered":"http:\/\/cukiereczki.org\/?page_id=27"},"modified":"2025-12-13T18:53:53","modified_gmt":"2025-12-13T18:53:53","slug":"1-opp","status":"publish","type":"page","link":"http:\/\/cukiereczki.org\/?page_id=27","title":{"rendered":"1,5% OPP"},"content":{"rendered":"<p><img loading=\"lazy\" decoding=\"async\" class=\"aligncenter wp-image-299\" src=\"http:\/\/cukiereczki.org\/wp-content\/uploads\/2016\/02\/opp.jpg\" alt=\"opp\" width=\"216\" height=\"102\" srcset=\"http:\/\/cukiereczki.org\/wp-content\/uploads\/2016\/02\/opp.jpg 742w, http:\/\/cukiereczki.org\/wp-content\/uploads\/2016\/02\/opp-300x142.jpg 300w, http:\/\/cukiereczki.org\/wp-content\/uploads\/2016\/02\/opp-624x295.jpg 624w\" sizes=\"auto, (max-width: 216px) 100vw, 216px\" \/><\/p>\n<h2 style=\"text-align: center;\"><span style=\"color: #0000ff;\"><strong>\u015awi\u0119tokrzyskie Stowarzyszenie Pomocy \u00a0<\/strong><\/span><span style=\"color: #0000ff;\"><br \/>\n<strong>Dzieciom, M\u0142odzie\u017cy, Doros\u0142ym z Cukrzyc\u0105 i z Innymi Schorzeniami.<\/strong><\/span><br \/>\n25-543 Kielce, \u00a0ul. Warszawska 99\/42<\/h2>\n<h2>Stowarzyszenie zosta\u0142o zarejestrowane w S\u0105dzie Okr\u0119gowym Kielce dnia 27.03.1998 r. oraz S\u0105dzie Rejonowym Kielce w KRS 18.06.2001 r.<\/h2>\n<h5 style=\"text-align: center;\"><span style=\"color: #3366ff;\">NIP: 657-23-41-219, \u00a0<\/span><span style=\"color: #3366ff;\">Regon: 290938922<\/span><\/h5>\n<hr \/>\n<h2 style=\"text-align: center;\"><span style=\"color: #ff6200;\"><strong>Jeste\u015bmy Organizacj\u0105 Po\u017cytku Publicznego od 27 marca 2006 roku.<\/strong><\/span><\/h2>\n<h1 style=\"text-align: center;\"><span style=\"color: #0000ff;\">KRS &#8211; 0000020049<\/span><\/h1>\n<h6>Je\u015bli chcesz przekaza\u0107 1,5% \u00a0podatku nale\u017cnego na rzecz naszej organizacji we wniosku PIT wpisujemy:<\/h6>\n<ul>\n<li>nasz numer KRS czyli <strong><span style=\"color: #0000ff;\">0000020049<\/span><\/strong>,<\/li>\n<li>wysoko\u015b\u0107 wnioskowanej kwoty, czyli 1,5% kwoty nale\u017cnego podatku lub rycza\u0142tu,<\/li>\n<li>je\u015bli chcesz ujawni\u0107 swoje dane osobowe naszemu Stowarzyszeniu zaznacz X w pozycji &#8222;Wyra\u017cam zgod\u0119&#8221;.<\/li>\n<\/ul>\n<p>Zebrane \u015brodki z 1,5% przeznaczamy na rzecz dzieci nieuleczalnie chorych w ramach realizacji zada\u0144 statutowych:<\/p>\n<ul>\n<li>edukacj\u0119 chorego (szkolenia, konferencje naukowe, konsultacje specjalistyczne),<\/li>\n<li>rehabilitacj\u0119,<\/li>\n<li>pomoc finansow\u0105 i rzeczow\u0105 rodzinom ubogim z dzieckiem chorym na cukrzyc\u0119,<\/li>\n<li>organizacj\u0119 kolonii, turnus\u00f3w zdrowotnych i spotka\u0144 integracyjnych.<\/li>\n<\/ul>\n","protected":false},"excerpt":{"rendered":"<p>\u015awi\u0119tokrzyskie Stowarzyszenie Pomocy \u00a0 Dzieciom, M\u0142odzie\u017cy, Doros\u0142ym z Cukrzyc\u0105 i z Innymi Schorzeniami. 25-543 Kielce, \u00a0ul. Warszawska 99\/42 Stowarzyszenie zosta\u0142o zarejestrowane w S\u0105dzie Okr\u0119gowym Kielce dnia 27.03.1998 r. oraz S\u0105dzie Rejonowym Kielce w KRS 18.06.2001 r. NIP: 657-23-41-219, \u00a0Regon: 290938922 Jeste\u015bmy Organizacj\u0105 Po\u017cytku Publicznego od 27 marca 2006 roku. KRS &#8211; 0000020049 Je\u015bli chcesz przekaza\u0107 [&hellip;]<\/p>\n","protected":false},"author":1,"featured_media":0,"parent":0,"menu_order":0,"comment_status":"closed","ping_status":"closed","template":"","meta":{"footnotes":""},"class_list":["post-27","page","type-page","status-publish","hentry"],"_links":{"self":[{"href":"http:\/\/cukiereczki.org\/index.php?rest_route=\/wp\/v2\/pages\/27","targetHints":{"allow":["GET"]}}],"collection":[{"href":"http:\/\/cukiereczki.org\/index.php?rest_route=\/wp\/v2\/pages"}],"about":[{"href":"http:\/\/cukiereczki.org\/index.php?rest_route=\/wp\/v2\/types\/page"}],"author":[{"embeddable":true,"href":"http:\/\/cukiereczki.org\/index.php?rest_route=\/wp\/v2\/users\/1"}],"replies":[{"embeddable":true,"href":"http:\/\/cukiereczki.org\/index.php?rest_route=%2Fwp%2Fv2%2Fcomments&post=27"}],"version-history":[{"count":30,"href":"http:\/\/cukiereczki.org\/index.php?rest_route=\/wp\/v2\/pages\/27\/revisions"}],"predecessor-version":[{"id":1249,"href":"http:\/\/cukiereczki.org\/index.php?rest_route=\/wp\/v2\/pages\/27\/revisions\/1249"}],"wp:attachment":[{"href":"http:\/\/cukiereczki.org\/index.php?rest_route=%2Fwp%2Fv2%2Fmedia&parent=27"}],"curies":[{"name":"wp","href":"https:\/\/api.w.org\/{rel}","templated":true}]}}